{"id":470,"date":"2018-01-02T10:48:28","date_gmt":"2018-01-02T09:48:28","guid":{"rendered":"http:\/\/www.immogrossi.com\/site\/?page_id=470"},"modified":"2021-03-07T20:11:19","modified_gmt":"2021-03-07T19:11:19","slug":"vendre","status":"publish","type":"page","link":"https:\/\/www.immogrossi.com\/site\/vendre\/","title":{"rendered":"Vendre"},"content":{"rendered":"[mk_page_section bg_image=\u00a0\u00bbhttps:\/\/www.immogrossi.com\/site\/wp-content\/uploads\/2018\/01\/rue.jpg\u00a0\u00bb bg_position=\u00a0\u00bbcenter center\u00a0\u00bb bg_repeat=\u00a0\u00bbno-repeat\u00a0\u00bb bg_stretch=\u00a0\u00bbtrue\u00a0\u00bb video_color_mask=\u00a0\u00bb#000000&Prime; video_opacity=\u00a0\u00bb0.3&Prime; min_height=\u00a0\u00bb675&Prime; js_vertical_centered=\u00a0\u00bbtrue\u00a0\u00bb sidebar=\u00a0\u00bbsidebar-1&Prime;][vc_column][mk_fancy_title tag_name=\u00a0\u00bbh1&Prime; color=\u00a0\u00bb#ffffff\u00a0\u00bb size=\u00a0\u00bb65&Prime; force_font_size=\u00a0\u00bbtrue\u00a0\u00bb size_tablet=\u00a0\u00bb50&Prime; font_weight=\u00a0\u00bbbold\u00a0\u00bb txt_transform=\u00a0\u00bbnone\u00a0\u00bb font_family=\u00a0\u00bbnone\u00a0\u00bb align=\u00a0\u00bbcenter\u00a0\u00bb]GROSSI<br \/>\nValorisateur Immobilier[\/mk_fancy_title][\/vc_column][\/mk_page_section][vc_row][vc_column][mk_padding_divider size=\u00a0\u00bb120&Prime;][\/vc_column][\/vc_row][vc_row][vc_column][mk_ornamental_title text_color=\u00a0\u00bb#ff6e14&Prime; font_family=\u00a0\u00bbnone\u00a0\u00bb font_size=\u00a0\u00bb30&Prime; font_weight=\u00a0\u00bb600&Prime; txt_transform=\u00a0\u00bbuppercase\u00a0\u00bb]Vous \u00eates[\/mk_ornamental_title][mk_padding_divider][mk_fancy_title color=\u00a0\u00bb#222222&Prime; size=\u00a0\u00bb30&Prime; force_font_size=\u00a0\u00bbtrue\u00a0\u00bb size_phone=\u00a0\u00bb35&Prime; font_weight=\u00a0\u00bb400&Prime; font_family=\u00a0\u00bbnone\u00a0\u00bb align=\u00a0\u00bbcenter\u00a0\u00bb]Propri\u00e9taire d\u2019un immeuble libre ou occup\u00e9, d\u2019un terrain permettant de construire un minimum de 300m2 de surface de plancher[\/mk_fancy_title][mk_padding_divider size=\u00a0\u00bb80&Prime;][mk_ornamental_title text_color=\u00a0\u00bb#ff6e14&Prime; font_family=\u00a0\u00bbnone\u00a0\u00bb font_size=\u00a0\u00bb30&Prime; font_weight=\u00a0\u00bb600&Prime; txt_transform=\u00a0\u00bbuppercase\u00a0\u00bb]Votre objectif[\/mk_ornamental_title][mk_padding_divider][mk_fancy_title color=\u00a0\u00bb#222222&Prime; size=\u00a0\u00bb30&Prime; force_font_size=\u00a0\u00bbtrue\u00a0\u00bb size_phone=\u00a0\u00bb35&Prime; font_weight=\u00a0\u00bb400&Prime; font_family=\u00a0\u00bbnone\u00a0\u00bb align=\u00a0\u00bbcenter\u00a0\u00bb]Vendre votre bien familial ou patrimonial aux meilleures conditions du march\u00e9[\/mk_fancy_title][mk_padding_divider size=\u00a0\u00bb80&Prime;][mk_ornamental_title text_color=\u00a0\u00bb#ff6e14&Prime; font_family=\u00a0\u00bbnone\u00a0\u00bb font_size=\u00a0\u00bb30&Prime; font_weight=\u00a0\u00bb600&Prime; txt_transform=\u00a0\u00bbuppercase\u00a0\u00bb]Notre mission[\/mk_ornamental_title][mk_padding_divider][mk_fancy_title color=\u00a0\u00bb#222222&Prime; size=\u00a0\u00bb30&Prime; force_font_size=\u00a0\u00bbtrue\u00a0\u00bb size_phone=\u00a0\u00bb35&Prime; font_weight=\u00a0\u00bb400&Prime; font_family=\u00a0\u00bbnone\u00a0\u00bb align=\u00a0\u00bbcenter\u00a0\u00bb]Optimiser la valeur et r\u00e9aliser le vente de votre bien gr\u00e2ce \u00e0 notre parfaite connaissance du march\u00e9, des objectifs de rentabilit\u00e9 et des process des promoteurs\/constructeurs et promoteurs\/r\u00e9novateurs[\/mk_fancy_title][\/vc_column][\/vc_row][vc_row][vc_column][mk_padding_divider size=\u00a0\u00bb120&Prime;][\/vc_column][\/vc_row]\n","protected":false},"excerpt":{"rendered":"<p>[mk_page_section bg_image=\u00a0\u00bbhttps:\/\/www.immogrossi.com\/site\/wp-content\/uploads\/2018\/01\/rue.jpg\u00a0\u00bb bg_position=\u00a0\u00bbcenter center\u00a0\u00bb bg_repeat=\u00a0\u00bbno-repeat\u00a0\u00bb bg_stretch=\u00a0\u00bbtrue\u00a0\u00bb video_color_mask=\u00a0\u00bb#000000&Prime; video_opacity=\u00a0\u00bb0.3&Prime; min_height=\u00a0\u00bb675&Prime; js_vertical_centered=\u00a0\u00bbtrue\u00a0\u00bb sidebar=\u00a0\u00bbsidebar-1&Prime;][vc_column][mk_fancy_title tag_name=\u00a0\u00bbh1&Prime; color=\u00a0\u00bb#ffffff\u00a0\u00bb size=\u00a0\u00bb65&Prime; force_font_size=\u00a0\u00bbtrue\u00a0\u00bb size_tablet=\u00a0\u00bb50&Prime; font_weight=\u00a0\u00bbbold\u00a0\u00bb txt_transform=\u00a0\u00bbnone\u00a0\u00bb font_family=\u00a0\u00bbnone\u00a0\u00bb align=\u00a0\u00bbcenter\u00a0\u00bb]GROSSI Valorisateur Immobilier[\/mk_fancy_title][\/vc_column][\/mk_page_section][vc_row][vc_column][mk_padding_divider size=\u00a0\u00bb120&Prime;][\/vc_column][\/vc_row][vc_row][vc_column][mk_ornamental_title text_color=\u00a0\u00bb#ff6e14&Prime; font_family=\u00a0\u00bbnone\u00a0\u00bb font_size=\u00a0\u00bb30&Prime; font_weight=\u00a0\u00bb600&Prime; txt_transform=\u00a0\u00bbuppercase\u00a0\u00bb]Vous \u00eates[\/mk_ornamental_title][mk_padding_divider][mk_fancy_title color=\u00a0\u00bb#222222&Prime; size=\u00a0\u00bb30&Prime; force_font_size=\u00a0\u00bbtrue\u00a0\u00bb size_phone=\u00a0\u00bb35&Prime; font_weight=\u00a0\u00bb400&Prime; font_family=\u00a0\u00bbnone\u00a0\u00bb align=\u00a0\u00bbcenter\u00a0\u00bb]Propri\u00e9taire d\u2019un immeuble libre ou occup\u00e9, d\u2019un terrain permettant de construire un minimum de 300m2 de surface de plancher[\/mk_fancy_title][mk_padding_divider size=\u00a0\u00bb80&Prime;][mk_ornamental_title [&hellip;]<\/p>\n","protected":false},"author":1,"featured_media":0,"parent":0,"menu_order":0,"comment_status":"closed","ping_status":"closed","template":"","meta":{"footnotes":""},"_links":{"self":[{"href":"https:\/\/www.immogrossi.com\/site\/wp-json\/wp\/v2\/pages\/470"}],"collection":[{"href":"https:\/\/www.immogrossi.com\/site\/wp-json\/wp\/v2\/pages"}],"about":[{"href":"https:\/\/www.immogrossi.com\/site\/wp-json\/wp\/v2\/types\/page"}],"author":[{"embeddable":true,"href":"https:\/\/www.immogrossi.com\/site\/wp-json\/wp\/v2\/users\/1"}],"replies":[{"embeddable":true,"href":"https:\/\/www.immogrossi.com\/site\/wp-json\/wp\/v2\/comments?post=470"}],"version-history":[{"count":7,"href":"https:\/\/www.immogrossi.com\/site\/wp-json\/wp\/v2\/pages\/470\/revisions"}],"predecessor-version":[{"id":713,"href":"https:\/\/www.immogrossi.com\/site\/wp-json\/wp\/v2\/pages\/470\/revisions\/713"}],"wp:attachment":[{"href":"https:\/\/www.immogrossi.com\/site\/wp-json\/wp\/v2\/media?parent=470"}],"curies":[{"name":"wp","href":"https:\/\/api.w.org\/{rel}","templated":true}]}}