{"id":30,"date":"2017-08-04T10:44:40","date_gmt":"2017-08-04T10:44:40","guid":{"rendered":"https:\/\/demos.artbees.net\/jupiter\/tantalus\/?page_id=30"},"modified":"2023-05-17T15:08:58","modified_gmt":"2023-05-17T14:08:58","slug":"contact","status":"publish","type":"page","link":"https:\/\/www.immogrossi.com\/site\/contact\/","title":{"rendered":"Contact"},"content":{"rendered":"[mk_page_section bg_image=\u00a0\u00bbhttps:\/\/www.immogrossi.com\/site\/wp-content\/uploads\/2018\/01\/contact.jpg\u00a0\u00bb bg_position=\u00a0\u00bbcenter center\u00a0\u00bb bg_repeat=\u00a0\u00bbno-repeat\u00a0\u00bb bg_stretch=\u00a0\u00bbtrue\u00a0\u00bb video_color_mask=\u00a0\u00bb#000000&Prime; video_opacity=\u00a0\u00bb0.3&Prime; min_height=\u00a0\u00bb675&Prime; js_vertical_centered=\u00a0\u00bbtrue\u00a0\u00bb sidebar=\u00a0\u00bbsidebar-1&Prime;][vc_column][mk_fancy_title tag_name=\u00a0\u00bbh1&Prime; color=\u00a0\u00bb#ffffff\u00a0\u00bb size=\u00a0\u00bb65&Prime; force_font_size=\u00a0\u00bbtrue\u00a0\u00bb size_tablet=\u00a0\u00bb50&Prime; font_weight=\u00a0\u00bbbold\u00a0\u00bb txt_transform=\u00a0\u00bbcapitalize\u00a0\u00bb font_family=\u00a0\u00bbnone\u00a0\u00bb align=\u00a0\u00bbcenter\u00a0\u00bb]GROSSI<br \/>\nProducteur Immobilier[\/mk_fancy_title][\/vc_column][\/mk_page_section][vc_row][vc_column][mk_padding_divider size=\u00a0\u00bb80&Prime;][mk_fancy_title color=\u00a0\u00bb#222222&Prime; size=\u00a0\u00bb44&Prime; font_weight=\u00a0\u00bb400&Prime; txt_transform=\u00a0\u00bbnone\u00a0\u00bb font_family=\u00a0\u00bbnone\u00a0\u00bb align=\u00a0\u00bbcenter\u00a0\u00bb]CONTACT[\/mk_fancy_title][mk_blockquote font_family=\u00a0\u00bbnone\u00a0\u00bb font_size_combat=\u00a0\u00bbtrue\u00a0\u00bb text_size=\u00a0\u00bb30&Prime;]Promoteurs-constructeurs, promoteurs-r\u00e9novateurs, bailleurs sociaux, investisseurs priv\u00e9s, propri\u00e9taires de terrains ou d\u2019immeubles, GROSSI fournit des solutions \u00e0 chaque \u00e9tape de la cr\u00e9ation de valeur immobili\u00e8re.[\/mk_blockquote][mk_padding_divider size=\u00a0\u00bb20&Prime;][\/vc_column][\/vc_row][vc_row css=\u00a0\u00bb.vc_custom_1515093534557{padding-right: 20px !important;padding-left: 20px !important;}\u00a0\u00bb][vc_column width=\u00a0\u00bb1\/2&Prime;][mk_fancy_title tag_name=\u00a0\u00bbh3&Prime; color=\u00a0\u00bb#222222&Prime; size=\u00a0\u00bb22&Prime; font_weight=\u00a0\u00bb400&Prime; txt_transform=\u00a0\u00bbcapitalize\u00a0\u00bb margin_bottom=\u00a0\u00bb0&Prime; font_family=\u00a0\u00bbnone\u00a0\u00bb]T\u00e9l\u00e9phone[\/mk_fancy_title][vc_column_text css=\u00a0\u00bb.vc_custom_1615144444838{margin-bottom: 0px !important;}\u00a0\u00bb]<span style=\"color: #3b8ab7;\">04 94 700 666<\/span>[\/vc_column_text][mk_fancy_title tag_name=\u00a0\u00bbh3&Prime; color=\u00a0\u00bb#222222&Prime; size=\u00a0\u00bb22&Prime; font_weight=\u00a0\u00bb400&Prime; txt_transform=\u00a0\u00bbcapitalize\u00a0\u00bb margin_bottom=\u00a0\u00bb0&Prime; font_family=\u00a0\u00bbnone\u00a0\u00bb]Adresse[\/mk_fancy_title][vc_column_text css=\u00a0\u00bb.vc_custom_1684332498420{margin-bottom: 0px !important;}\u00a0\u00bb]<span style=\"color: #3b8ab7;\">4 Avenue Pierre Gaudin<br \/>\n<\/span><span style=\"color: #3b8ab7;\">83690 SALERNES<\/span>[\/vc_column_text][mk_fancy_title tag_name=\u00a0\u00bbh3&Prime; color=\u00a0\u00bb#222222&Prime; size=\u00a0\u00bb22&Prime; font_weight=\u00a0\u00bb400&Prime; txt_transform=\u00a0\u00bbcapitalize\u00a0\u00bb margin_bottom=\u00a0\u00bb0&Prime; font_family=\u00a0\u00bbnone\u00a0\u00bb]email[\/mk_fancy_title][vc_column_text css=\u00a0\u00bb.vc_custom_1515009775428{margin-bottom: 0px !important;}\u00a0\u00bb]<a href=\"mailto:contact@immogrossi.com\"><span style=\"color: #3b8ab7;\">contact@immogrossi.com<\/span><\/a>[\/vc_column_text][vc_single_image image=\u00a0\u00bb719&Prime; img_size=\u00a0\u00bbfull\u00a0\u00bb alignment=\u00a0\u00bbcenter\u00a0\u00bb][mk_fancy_title tag_name=\u00a0\u00bbh3&Prime; color=\u00a0\u00bb#222222&Prime; size=\u00a0\u00bb22&Prime; font_weight=\u00a0\u00bb400&Prime; txt_transform=\u00a0\u00bbcapitalize\u00a0\u00bb margin_bottom=\u00a0\u00bb0&Prime; font_family=\u00a0\u00bbnone\u00a0\u00bb]Localisation[\/mk_fancy_title][vc_gmaps link=\u00a0\u00bb#E-8_JTNDaWZyYW1lJTIwc3JjJTNEJTIyaHR0cHMlM0ElMkYlMkZ3d3cuZ29vZ2xlLmNvbSUyRm1hcHMlMkZlbWJlZCUzRnBiJTNEJTIxMW0xOCUyMTFtMTIlMjExbTMlMjExZDI4OTEuMTUxMDkyMTQwODE1MyUyMTJkNi4yMzE2MTI4NzU5NTc5MDElMjEzZDQzLjU2MTczNDY3MTEwNjY0JTIxMm0zJTIxMWYwJTIxMmYwJTIxM2YwJTIxM20yJTIxMWkxMDI0JTIxMmk3NjglMjE0ZjEzLjElMjEzbTMlMjExbTIlMjExczB4MTJjOTU5ZTBlNGUwMjI2MSUyNTNBMHg1Y2MyMGY2Y2YyNmM3OGQlMjEyczQlMjUyMEF2LiUyNTIwUGllcnJlJTI1MjBHYXVkaW4lMjUyQyUyNTIwODM2OTAlMjUyMFNhbGVybmVzJTIxNWUwJTIxM20yJTIxMXNmciUyMTJzZnIlMjE0djE2ODQzMzAzMjEwOTclMjE1bTIlMjExc2ZyJTIxMnNmciUyMiUyMHdpZHRoJTNEJTIyNjAwJTIyJTIwaGVpZ2h0JTNEJTIyNDUwJTIyJTIwc3R5bGUlM0QlMjJib3JkZXIlM0EwJTNCJTIyJTIwYWxsb3dmdWxsc2NyZWVuJTNEJTIyJTIyJTIwbG9hZGluZyUzRCUyMmxhenklMjIlMjByZWZlcnJlcnBvbGljeSUzRCUyMm5vLXJlZmVycmVyLXdoZW4tZG93bmdyYWRlJTIyJTNFJTNDJTJGaWZyYW1lJTNF\u00a0\u00bb][\/vc_column][vc_column width=\u00a0\u00bb1\/2&Prime;][vc_single_image image=\u00a0\u00bb718&Prime; img_size=\u00a0\u00bbmedium\u00a0\u00bb alignment=\u00a0\u00bbcenter\u00a0\u00bb][mk_fancy_title tag_name=\u00a0\u00bbh3&Prime; color=\u00a0\u00bb#222222&Prime; size=\u00a0\u00bb22&Prime; font_weight=\u00a0\u00bb400&Prime; txt_transform=\u00a0\u00bbnone\u00a0\u00bb font_family=\u00a0\u00bbnone\u00a0\u00bb]Formulaire de contact[\/mk_fancy_title][vc_row_inner][vc_column_inner][vc_column_text css=\u00a0\u00bb.vc_custom_1674299478989{margin-bottom: 0px !important;}\u00a0\u00bb][formidable id=\u00a0\u00bb1&Prime;][\/vc_column_text][\/vc_column_inner][\/vc_row_inner][\/vc_column][\/vc_row][vc_row][vc_column][\/vc_column][\/vc_row][vc_row fullwidth=\u00a0\u00bbtrue\u00a0\u00bb][vc_column][\/vc_column][\/vc_row][vc_row][vc_column][mk_padding_divider size=\u00a0\u00bb100&Prime;][\/vc_column][\/vc_row]\n","protected":false},"excerpt":{"rendered":"<p>[mk_page_section bg_image=\u00a0\u00bbhttps:\/\/www.immogrossi.com\/site\/wp-content\/uploads\/2018\/01\/contact.jpg\u00a0\u00bb bg_position=\u00a0\u00bbcenter center\u00a0\u00bb bg_repeat=\u00a0\u00bbno-repeat\u00a0\u00bb bg_stretch=\u00a0\u00bbtrue\u00a0\u00bb video_color_mask=\u00a0\u00bb#000000&Prime; video_opacity=\u00a0\u00bb0.3&Prime; min_height=\u00a0\u00bb675&Prime; js_vertical_centered=\u00a0\u00bbtrue\u00a0\u00bb sidebar=\u00a0\u00bbsidebar-1&Prime;][vc_column][mk_fancy_title tag_name=\u00a0\u00bbh1&Prime; color=\u00a0\u00bb#ffffff\u00a0\u00bb size=\u00a0\u00bb65&Prime; force_font_size=\u00a0\u00bbtrue\u00a0\u00bb size_tablet=\u00a0\u00bb50&Prime; font_weight=\u00a0\u00bbbold\u00a0\u00bb txt_transform=\u00a0\u00bbcapitalize\u00a0\u00bb font_family=\u00a0\u00bbnone\u00a0\u00bb align=\u00a0\u00bbcenter\u00a0\u00bb]GROSSI Producteur Immobilier[\/mk_fancy_title][\/vc_column][\/mk_page_section][vc_row][vc_column][mk_padding_divider size=\u00a0\u00bb80&Prime;][mk_fancy_title color=\u00a0\u00bb#222222&Prime; size=\u00a0\u00bb44&Prime; font_weight=\u00a0\u00bb400&Prime; txt_transform=\u00a0\u00bbnone\u00a0\u00bb font_family=\u00a0\u00bbnone\u00a0\u00bb align=\u00a0\u00bbcenter\u00a0\u00bb]CONTACT[\/mk_fancy_title][mk_blockquote font_family=\u00a0\u00bbnone\u00a0\u00bb font_size_combat=\u00a0\u00bbtrue\u00a0\u00bb text_size=\u00a0\u00bb30&Prime;]Promoteurs-constructeurs, promoteurs-r\u00e9novateurs, bailleurs sociaux, investisseurs priv\u00e9s, propri\u00e9taires de terrains ou d\u2019immeubles, GROSSI fournit des solutions \u00e0 chaque \u00e9tape de la cr\u00e9ation de valeur immobili\u00e8re.[\/mk_blockquote][mk_padding_divider [&hellip;]<\/p>\n","protected":false},"author":1,"featured_media":0,"parent":0,"menu_order":0,"comment_status":"closed","ping_status":"closed","template":"","meta":{"footnotes":""},"_links":{"self":[{"href":"https:\/\/www.immogrossi.com\/site\/wp-json\/wp\/v2\/pages\/30"}],"collection":[{"href":"https:\/\/www.immogrossi.com\/site\/wp-json\/wp\/v2\/pages"}],"about":[{"href":"https:\/\/www.immogrossi.com\/site\/wp-json\/wp\/v2\/types\/page"}],"author":[{"embeddable":true,"href":"https:\/\/www.immogrossi.com\/site\/wp-json\/wp\/v2\/users\/1"}],"replies":[{"embeddable":true,"href":"https:\/\/www.immogrossi.com\/site\/wp-json\/wp\/v2\/comments?post=30"}],"version-history":[{"count":45,"href":"https:\/\/www.immogrossi.com\/site\/wp-json\/wp\/v2\/pages\/30\/revisions"}],"predecessor-version":[{"id":740,"href":"https:\/\/www.immogrossi.com\/site\/wp-json\/wp\/v2\/pages\/30\/revisions\/740"}],"wp:attachment":[{"href":"https:\/\/www.immogrossi.com\/site\/wp-json\/wp\/v2\/media?parent=30"}],"curies":[{"name":"wp","href":"https:\/\/api.w.org\/{rel}","templated":true}]}}