{"id":20,"date":"2017-08-04T10:43:23","date_gmt":"2017-08-04T09:43:23","guid":{"rendered":"https:\/\/demos.artbees.net\/jupiter\/tantalus\/?page_id=20"},"modified":"2021-03-07T20:09:37","modified_gmt":"2021-03-07T19:09:37","slug":"developper","status":"publish","type":"page","link":"https:\/\/www.immogrossi.com\/site\/developper\/","title":{"rendered":"DEVELOPPER"},"content":{"rendered":"[mk_page_section bg_image=\u00a0\u00bbhttps:\/\/www.immogrossi.com\/site\/wp-content\/uploads\/2018\/01\/developper2.jpg\u00a0\u00bb bg_position=\u00a0\u00bbcenter center\u00a0\u00bb bg_repeat=\u00a0\u00bbno-repeat\u00a0\u00bb bg_stretch=\u00a0\u00bbtrue\u00a0\u00bb video_color_mask=\u00a0\u00bb#000000&Prime; video_opacity=\u00a0\u00bb0.3&Prime; min_height=\u00a0\u00bb675&Prime; js_vertical_centered=\u00a0\u00bbtrue\u00a0\u00bb sidebar=\u00a0\u00bbsidebar-1&Prime;][vc_column][mk_fancy_title tag_name=\u00a0\u00bbh1&Prime; color=\u00a0\u00bb#ffffff\u00a0\u00bb size=\u00a0\u00bb65&Prime; force_font_size=\u00a0\u00bbtrue\u00a0\u00bb size_tablet=\u00a0\u00bb50&Prime; font_weight=\u00a0\u00bbbold\u00a0\u00bb txt_transform=\u00a0\u00bbnone\u00a0\u00bb font_family=\u00a0\u00bbnone\u00a0\u00bb align=\u00a0\u00bbcenter\u00a0\u00bb]GROSSI<br \/>\nD\u00e9veloppeur Immobilier[\/mk_fancy_title][\/vc_column][\/mk_page_section][vc_row][vc_column][mk_padding_divider size=\u00a0\u00bb120&Prime;][\/vc_column][\/vc_row][vc_row][vc_column][mk_ornamental_title text_color=\u00a0\u00bb#ff6e14&Prime; font_family=\u00a0\u00bbnone\u00a0\u00bb font_size=\u00a0\u00bb30&Prime; font_weight=\u00a0\u00bb600&Prime; txt_transform=\u00a0\u00bbuppercase\u00a0\u00bb]Vous \u00eates[\/mk_ornamental_title][mk_padding_divider][mk_fancy_title color=\u00a0\u00bb#222222&Prime; size=\u00a0\u00bb30&Prime; force_font_size=\u00a0\u00bbtrue\u00a0\u00bb size_phone=\u00a0\u00bb35&Prime; font_weight=\u00a0\u00bb400&Prime; font_family=\u00a0\u00bbnone\u00a0\u00bb align=\u00a0\u00bbcenter\u00a0\u00bb]Promoteur-Constructeur, Promoteur-R\u00e9novateur, Bailleur social[\/mk_fancy_title][mk_padding_divider size=\u00a0\u00bb80&Prime;][mk_ornamental_title text_color=\u00a0\u00bb#ff6e14&Prime; font_family=\u00a0\u00bbnone\u00a0\u00bb font_size=\u00a0\u00bb30&Prime; font_weight=\u00a0\u00bb600&Prime; txt_transform=\u00a0\u00bbuppercase\u00a0\u00bb]Votre objectif[\/mk_ornamental_title][mk_padding_divider][mk_fancy_title color=\u00a0\u00bb#222222&Prime; size=\u00a0\u00bb30&Prime; force_font_size=\u00a0\u00bbtrue\u00a0\u00bb size_phone=\u00a0\u00bb35&Prime; font_weight=\u00a0\u00bb400&Prime; font_family=\u00a0\u00bbnone\u00a0\u00bb align=\u00a0\u00bbcenter\u00a0\u00bb]Trouver du foncier de qualit\u00e9[\/mk_fancy_title][mk_padding_divider size=\u00a0\u00bb80&Prime;][mk_ornamental_title text_color=\u00a0\u00bb#ff6e14&Prime; font_family=\u00a0\u00bbnone\u00a0\u00bb font_size=\u00a0\u00bb30&Prime; font_weight=\u00a0\u00bb600&Prime; txt_transform=\u00a0\u00bbuppercase\u00a0\u00bb]Notre mission[\/mk_ornamental_title][mk_padding_divider][mk_fancy_title color=\u00a0\u00bb#222222&Prime; size=\u00a0\u00bb30&Prime; force_font_size=\u00a0\u00bbtrue\u00a0\u00bb size_phone=\u00a0\u00bb35&Prime; font_weight=\u00a0\u00bb400&Prime; font_family=\u00a0\u00bbnone\u00a0\u00bb align=\u00a0\u00bbcenter\u00a0\u00bb]Identifier et n\u00e9gocier les meilleures opportunit\u00e9s r\u00e9pondant \u00e0 vos crit\u00e8res[\/mk_fancy_title][\/vc_column][\/vc_row][vc_row][vc_column][mk_padding_divider size=\u00a0\u00bb120&Prime;][\/vc_column][\/vc_row]\n","protected":false},"excerpt":{"rendered":"<p>[mk_page_section bg_image=\u00a0\u00bbhttps:\/\/www.immogrossi.com\/site\/wp-content\/uploads\/2018\/01\/developper2.jpg\u00a0\u00bb bg_position=\u00a0\u00bbcenter center\u00a0\u00bb bg_repeat=\u00a0\u00bbno-repeat\u00a0\u00bb bg_stretch=\u00a0\u00bbtrue\u00a0\u00bb video_color_mask=\u00a0\u00bb#000000&Prime; video_opacity=\u00a0\u00bb0.3&Prime; min_height=\u00a0\u00bb675&Prime; js_vertical_centered=\u00a0\u00bbtrue\u00a0\u00bb sidebar=\u00a0\u00bbsidebar-1&Prime;][vc_column][mk_fancy_title tag_name=\u00a0\u00bbh1&Prime; color=\u00a0\u00bb#ffffff\u00a0\u00bb size=\u00a0\u00bb65&Prime; force_font_size=\u00a0\u00bbtrue\u00a0\u00bb size_tablet=\u00a0\u00bb50&Prime; font_weight=\u00a0\u00bbbold\u00a0\u00bb txt_transform=\u00a0\u00bbnone\u00a0\u00bb font_family=\u00a0\u00bbnone\u00a0\u00bb align=\u00a0\u00bbcenter\u00a0\u00bb]GROSSI D\u00e9veloppeur Immobilier[\/mk_fancy_title][\/vc_column][\/mk_page_section][vc_row][vc_column][mk_padding_divider size=\u00a0\u00bb120&Prime;][\/vc_column][\/vc_row][vc_row][vc_column][mk_ornamental_title text_color=\u00a0\u00bb#ff6e14&Prime; font_family=\u00a0\u00bbnone\u00a0\u00bb font_size=\u00a0\u00bb30&Prime; font_weight=\u00a0\u00bb600&Prime; txt_transform=\u00a0\u00bbuppercase\u00a0\u00bb]Vous \u00eates[\/mk_ornamental_title][mk_padding_divider][mk_fancy_title color=\u00a0\u00bb#222222&Prime; size=\u00a0\u00bb30&Prime; force_font_size=\u00a0\u00bbtrue\u00a0\u00bb size_phone=\u00a0\u00bb35&Prime; font_weight=\u00a0\u00bb400&Prime; font_family=\u00a0\u00bbnone\u00a0\u00bb align=\u00a0\u00bbcenter\u00a0\u00bb]Promoteur-Constructeur, Promoteur-R\u00e9novateur, Bailleur social[\/mk_fancy_title][mk_padding_divider size=\u00a0\u00bb80&Prime;][mk_ornamental_title text_color=\u00a0\u00bb#ff6e14&Prime; font_family=\u00a0\u00bbnone\u00a0\u00bb font_size=\u00a0\u00bb30&Prime; font_weight=\u00a0\u00bb600&Prime; txt_transform=\u00a0\u00bbuppercase\u00a0\u00bb]Votre objectif[\/mk_ornamental_title][mk_padding_divider][mk_fancy_title color=\u00a0\u00bb#222222&Prime; size=\u00a0\u00bb30&Prime; force_font_size=\u00a0\u00bbtrue\u00a0\u00bb size_phone=\u00a0\u00bb35&Prime; font_weight=\u00a0\u00bb400&Prime; font_family=\u00a0\u00bbnone\u00a0\u00bb align=\u00a0\u00bbcenter\u00a0\u00bb]Trouver du foncier [&hellip;]<\/p>\n","protected":false},"author":1,"featured_media":0,"parent":0,"menu_order":0,"comment_status":"closed","ping_status":"closed","template":"","meta":{"footnotes":""},"_links":{"self":[{"href":"https:\/\/www.immogrossi.com\/site\/wp-json\/wp\/v2\/pages\/20"}],"collection":[{"href":"https:\/\/www.immogrossi.com\/site\/wp-json\/wp\/v2\/pages"}],"about":[{"href":"https:\/\/www.immogrossi.com\/site\/wp-json\/wp\/v2\/types\/page"}],"author":[{"embeddable":true,"href":"https:\/\/www.immogrossi.com\/site\/wp-json\/wp\/v2\/users\/1"}],"replies":[{"embeddable":true,"href":"https:\/\/www.immogrossi.com\/site\/wp-json\/wp\/v2\/comments?post=20"}],"version-history":[{"count":42,"href":"https:\/\/www.immogrossi.com\/site\/wp-json\/wp\/v2\/pages\/20\/revisions"}],"predecessor-version":[{"id":711,"href":"https:\/\/www.immogrossi.com\/site\/wp-json\/wp\/v2\/pages\/20\/revisions\/711"}],"wp:attachment":[{"href":"https:\/\/www.immogrossi.com\/site\/wp-json\/wp\/v2\/media?parent=20"}],"curies":[{"name":"wp","href":"https:\/\/api.w.org\/{rel}","templated":true}]}}